{"id":28258,"date":"2024-11-26T05:07:43","date_gmt":"2024-11-26T04:07:43","guid":{"rendered":"https:\/\/babylade.ch\/?page_id=28258"},"modified":"2025-05-17T03:38:01","modified_gmt":"2025-05-17T01:38:01","slug":"impressum","status":"publish","type":"page","link":"https:\/\/shuttle1.amrlimo.ch\/de\/impressum","title":{"rendered":"Impressum"},"content":{"rendered":"\t\t<div data-elementor-type=\"wp-page\" data-elementor-id=\"28258\" class=\"elementor elementor-28258\">\n\t\t\t\t<div class=\"wd-negative-gap elementor-element elementor-element-29b7785 e-flex e-con-boxed e-con e-parent\" data-id=\"29b7785\" data-element_type=\"container\">\n\t\t\t\t\t<div class=\"e-con-inner\">\n\t\t\t\t<div class=\"elementor-element elementor-element-85ee87b wd-width-100 elementor-widget elementor-widget-wd_title\" data-id=\"85ee87b\" data-element_type=\"widget\" data-widget_type=\"wd_title.default\">\n\t\t\t\t<div class=\"elementor-widget-container\">\n\t\t\t\t\t\t\t<div class=\"title-wrapper set-mb-s reset-last-child wd-title-color-primary wd-title-style-default wd-title-size-large text-left\">\n\n\t\t\t\n\t\t\t<div class=\"liner-continer\">\n\t\t\t\t<h2 class=\"woodmart-title-container title wd-fontsize-xxl\">Impressum von AMR Limo GmbH<\/h2> \n\t\t\t\t\t\t\t<\/div>\n\n\t\t\t\t\t<\/div>\n\t\t\t\t\t\t<\/div>\n\t\t\t\t<\/div>\n\t\t\t\t\t<\/div>\n\t\t\t\t<\/div>\n\t\t<div class=\"wd-negative-gap elementor-element elementor-element-4164c0e e-grid e-con-boxed e-con e-parent\" data-id=\"4164c0e\" data-element_type=\"container\">\n\t\t\t\t\t<div class=\"e-con-inner\">\n\t\t\t\t<div class=\"elementor-element elementor-element-d23c1df elementor-widget elementor-widget-wd_text_block\" data-id=\"d23c1df\" data-element_type=\"widget\" data-widget_type=\"wd_text_block.default\">\n\t\t\t\t<div class=\"elementor-widget-container\">\n\t\t\t\t\t\t\t<div class=\"wd-text-block reset-last-child text-left\">\n\t\t\t\n\t\t\t<p><strong>AMR Travel &amp; Limousine &amp; Bus Service 24h VIP<\/strong><br \/>Embassy \u2013 Business \u2013 Tourists \u2013 Private Services<\/p>\n\t\t\t\t\t<\/div>\n\t\t\t\t\t\t<\/div>\n\t\t\t\t<\/div>\n\t\t\t\t\t<\/div>\n\t\t\t\t<\/div>\n\t\t<div class=\"wd-negative-gap elementor-element elementor-element-b2a5b87 e-grid e-con-boxed e-con e-parent\" data-id=\"b2a5b87\" data-element_type=\"container\">\n\t\t\t\t\t<div class=\"e-con-inner\">\n\t\t\t\t<div class=\"elementor-element elementor-element-5765b9b elementor-widget elementor-widget-wd_text_block\" data-id=\"5765b9b\" data-element_type=\"widget\" data-widget_type=\"wd_text_block.default\">\n\t\t\t\t<div class=\"elementor-widget-container\">\n\t\t\t\t\t\t\t<div class=\"wd-text-block reset-last-child text-left\">\n\t\t\t\n\t\t\t<h3>Anschrift<\/h3><p>Thurgauerstrasse 117<br \/>8152 Glattpark<br \/>Zurich Airport<br \/>Switzerland<\/p><p><strong>Tel. B\u00fcro<\/strong>: 044 599 66 90<br \/><strong>E-Mail<\/strong>: vip@amrlimo.ch<\/p><p>Unsere Website ist: <a href=\"https:\/\/shuttle1.amrlimo.ch\/\">shuttle1.amrlimo.ch<\/a><\/p>\n\t\t\t\t\t<\/div>\n\t\t\t\t\t\t<\/div>\n\t\t\t\t<\/div>\n\t\t\t\t<div class=\"elementor-element elementor-element-72d6df2 elementor-widget elementor-widget-wd_text_block\" data-id=\"72d6df2\" data-element_type=\"widget\" data-widget_type=\"wd_text_block.default\">\n\t\t\t\t<div class=\"elementor-widget-container\">\n\t\t\t\t\t\t\t<div class=\"wd-text-block reset-last-child text-left\">\n\t\t\t\n\t\t\t<h3>Rechtliche Angaben<\/h3><p><strong>Gesch\u00e4ftsf\u00fchrung<\/strong><br \/>Ghulam Abbas Malik<\/p><p><strong>Handelsregisternummer<\/strong><br \/>CH-020.4.037.900-1<\/p><p><strong>Verantwortlich f\u00fcr den Inhalt<\/strong><br \/>G. Malik, B. Brunner<\/p>\n\t\t\t\t\t<\/div>\n\t\t\t\t\t\t<\/div>\n\t\t\t\t<\/div>\n\t\t\t\t\t<\/div>\n\t\t\t\t<\/div>\n\t\t<div class=\"wd-negative-gap elementor-element elementor-element-b5ff57e e-flex e-con-boxed e-con e-parent\" data-id=\"b5ff57e\" data-element_type=\"container\">\n\t\t\t\t\t<div class=\"e-con-inner\">\n\t\t\t\t<div class=\"elementor-element elementor-element-f46a750 elementor-widget elementor-widget-wd_text_block\" data-id=\"f46a750\" data-element_type=\"widget\" data-widget_type=\"wd_text_block.default\">\n\t\t\t\t<div class=\"elementor-widget-container\">\n\t\t\t\t\t\t\t<div class=\"wd-text-block reset-last-child text-left\">\n\t\t\t\n\t\t\t<h3>Haftungsausschluss<\/h3><p><strong>Gew\u00e4hr<\/strong>: Der Autor, die Firma \u201eAMR Limo GmbH | shuttle1.amrlimo.ch\u201c \u00fcbernimmt keinerlei Gew\u00e4hr hinsichtlich der inhaltlichen Richtigkeit, Genauigkeit, Aktualit\u00e4t, Zuverl\u00e4ssigkeit und Vollst\u00e4ndigkeit der Informationen. Haftungsanspr\u00fcche gegen AMR Limo GmbH | shuttle1.amrlimo.ch wegen Sch\u00e4den materieller oder immaterieller Art, welche aus dem Zugriff oder der Nutzung bzw. Nichtnutzung der ver\u00f6ffentlichten Informationen, durch Missbrauch der Verbindung oder durch technische St\u00f6rungen entstanden sind, werden ausgeschlossen. Alle Angebote sind unverbindlich. AMR Limo GmbH | shuttle1.amrlimo.ch beh\u00e4lt es sich ausdr\u00fccklich vor, Teile der Seiten oder das gesamte Angebot ohne gesonderte Ank\u00fcndigung zu ver\u00e4ndern, zu erg\u00e4nzen, zu l\u00f6schen oder die Ver\u00f6ffentlichung zeitweise oder endg\u00fcltig einzustellen.<\/p><p><strong>Links<\/strong>: Verweise und Links auf Webseiten Dritter liegen ausserhalb unseres Verantwortungsbereichs. Es wird jegliche Verantwortung f\u00fcr Webseiten Dritter abgelehnt.<\/p>\n\t\t\t\t\t<\/div>\n\t\t\t\t\t\t<\/div>\n\t\t\t\t<\/div>\n\t\t\t\t<div class=\"elementor-element elementor-element-db76e33 elementor-widget elementor-widget-wd_text_block\" data-id=\"db76e33\" data-element_type=\"widget\" data-widget_type=\"wd_text_block.default\">\n\t\t\t\t<div class=\"elementor-widget-container\">\n\t\t\t\t\t\t\t<div class=\"wd-text-block reset-last-child text-left\">\n\t\t\t\n\t\t\t<h3>Haftung f\u00fcr Links<\/h3><p>Verweise und Links auf Webseiten Dritter liegen ausserhalb unseres Verantwortungsbereichs Es wird jegliche Verantwortung f\u00fcr solche Webseiten abgelehnt. Der Zugriff und die Nutzung solcher Webseiten erfolgen auf eigene Gefahr des Nutzers oder der Nutzerin.<\/p>\n\t\t\t\t\t<\/div>\n\t\t\t\t\t\t<\/div>\n\t\t\t\t<\/div>\n\t\t\t\t\t<\/div>\n\t\t\t\t<\/div>\n\t\t<div class=\"wd-negative-gap elementor-element elementor-element-c82ff7a e-flex e-con-boxed e-con e-parent\" data-id=\"c82ff7a\" data-element_type=\"container\">\n\t\t\t\t\t<div class=\"e-con-inner\">\n\t\t\t\t<div class=\"elementor-element elementor-element-1e62cb4 elementor-widget elementor-widget-wd_text_block\" data-id=\"1e62cb4\" data-element_type=\"widget\" data-widget_type=\"wd_text_block.default\">\n\t\t\t\t<div class=\"elementor-widget-container\">\n\t\t\t\t\t\t\t<div class=\"wd-text-block reset-last-child text-left\">\n\t\t\t\n\t\t\t<h3>Konzeption und Gestaltung<\/h3><p><a href=\"https:\/\/www.soriax.com\/\" target=\"_blank\" rel=\"noreferrer noopener\"><strong>Soriax<\/strong><\/a><strong> GmbH<\/strong> - <a href=\"https:\/\/www.soriax.com\/online-marketing\" target=\"_blank\" rel=\"noreferrer noopener\">Online Marketing Agentur<\/a><\/p>\n\t\t\t\t\t<\/div>\n\t\t\t\t\t\t<\/div>\n\t\t\t\t<\/div>\n\t\t\t\t\t<\/div>\n\t\t\t\t<\/div>\n\t\t<div class=\"wd-negative-gap elementor-element elementor-element-b637050 e-flex e-con-boxed e-con e-parent\" data-id=\"b637050\" data-element_type=\"container\">\n\t\t\t\t\t<div class=\"e-con-inner\">\n\t\t<div class=\"elementor-element elementor-element-0de0b20 e-con-full e-flex e-con e-child\" data-id=\"0de0b20\" data-element_type=\"container\">\n\t\t<div class=\"elementor-element elementor-element-4aaf801 e-con-full e-grid e-con e-child\" data-id=\"4aaf801\" data-element_type=\"container\">\n\t\t\t\t<div class=\"elementor-element elementor-element-b78110b elementor-widget elementor-widget-wd_text_block\" data-id=\"b78110b\" data-element_type=\"widget\" data-widget_type=\"wd_text_block.default\">\n\t\t\t\t<div class=\"elementor-widget-container\">\n\t\t\t\t\t\t\t<div class=\"wd-text-block reset-last-child text-left\">\n\t\t\t\n\t\t\t<a href=\"https:\/\/ch.linkedin.com\/company\/soriax-gmbh\" target=\"_blank\" rel=\"noreferrer noopener\">Valbona Shaqiri<\/a>\n\t\t\t\t\t<\/div>\n\t\t\t\t\t\t<\/div>\n\t\t\t\t<\/div>\n\t\t\t\t<div class=\"elementor-element elementor-element-64849e0 elementor-widget elementor-widget-wd_text_block\" data-id=\"64849e0\" data-element_type=\"widget\" data-widget_type=\"wd_text_block.default\">\n\t\t\t\t<div class=\"elementor-widget-container\">\n\t\t\t\t\t\t\t<div class=\"wd-text-block reset-last-child text-left\">\n\t\t\t\n\t\t\t<ul><li><a href=\"https:\/\/www.soriax.com\/webdesign-agentur\" target=\"_blank\" rel=\"noreferrer noopener\">Webdesign<\/a>,<\/li><li><a href=\"https:\/\/www.soriax.com\/grafik-design\">Grafik Design<\/a><\/li><\/ul>\n\t\t\t\t\t<\/div>\n\t\t\t\t\t\t<\/div>\n\t\t\t\t<\/div>\n\t\t\t\t<\/div>\n\t\t<div class=\"elementor-element elementor-element-865b617 e-con-full e-grid e-con e-child\" data-id=\"865b617\" data-element_type=\"container\">\n\t\t\t\t<div class=\"elementor-element elementor-element-5481dad elementor-widget elementor-widget-wd_text_block\" data-id=\"5481dad\" data-element_type=\"widget\" data-widget_type=\"wd_text_block.default\">\n\t\t\t\t<div class=\"elementor-widget-container\">\n\t\t\t\t\t\t\t<div class=\"wd-text-block reset-last-child text-left\">\n\t\t\t\n\t\t\t<a href=\"https:\/\/www.linkedin.com\/in\/burim-shaqiri\/\" target=\"_blank\" rel=\"noreferrer noopener\">Burim Shaqiri<\/a>, Projektleitung\n\t\t\t\t\t<\/div>\n\t\t\t\t\t\t<\/div>\n\t\t\t\t<\/div>\n\t\t\t\t<div class=\"elementor-element elementor-element-b48ac6c elementor-widget elementor-widget-wd_text_block\" data-id=\"b48ac6c\" data-element_type=\"widget\" data-widget_type=\"wd_text_block.default\">\n\t\t\t\t<div class=\"elementor-widget-container\">\n\t\t\t\t\t\t\t<div class=\"wd-text-block reset-last-child text-left\">\n\t\t\t\n\t\t\t<ul><li><a href=\"https:\/\/www.soriax.com\/e-commerce-agentur\">E-Commerce<\/a><\/li><li><a href=\"https:\/\/www.soriax.com\/onlineshop-erstellen-lassen\">Programmierung<\/a><\/li><\/ul>\n\t\t\t\t\t<\/div>\n\t\t\t\t\t\t<\/div>\n\t\t\t\t<\/div>\n\t\t\t\t<\/div>\n\t\t\t\t<\/div>\n\t\t<div class=\"elementor-element elementor-element-809bee7 e-con-full e-flex e-con e-child\" data-id=\"809bee7\" data-element_type=\"container\">\n\t\t<div class=\"wd-negative-gap elementor-element elementor-element-cb5eb30 elementor-hidden-tablet elementor-hidden-mobile e-flex e-con-boxed e-con e-child\" data-id=\"cb5eb30\" data-element_type=\"container\">\n\t\t\t\t\t<div class=\"e-con-inner\">\n\t\t\t\t<div class=\"elementor-element elementor-element-6b471c8 elementor-widget elementor-widget-wd_text_block\" data-id=\"6b471c8\" data-element_type=\"widget\" data-widget_type=\"wd_text_block.default\">\n\t\t\t\t<div class=\"elementor-widget-container\">\n\t\t\t\t\t\t\t<div class=\"wd-text-block reset-last-child text-center\">\n\t\t\t\n\t\t\t<figure><a href=\"https:\/\/www.soriax.com\/\" target=\"_blank\" rel=\"noreferrer noopener\"><img decoding=\"async\" title=\"Soriax Logo\" src=\"https:\/\/www.soriax.com\/media\/soriax-logo-2024.png\" alt=\"Soriax Logo\" width=\"350\" height=\"105\" \/><\/a><\/figure>\n\t\t\t\t\t<\/div>\n\t\t\t\t\t\t<\/div>\n\t\t\t\t<\/div>\n\t\t\t\t\t<\/div>\n\t\t\t\t<\/div>\n\t\t<div class=\"elementor-element elementor-element-4c9d8b5 e-con-full e-flex e-con e-child\" data-id=\"4c9d8b5\" data-element_type=\"container\">\n\t\t\t\t<div class=\"elementor-element elementor-element-484c0f2 elementor-widget elementor-widget-wd_text_block\" data-id=\"484c0f2\" data-element_type=\"widget\" data-widget_type=\"wd_text_block.default\">\n\t\t\t\t<div class=\"elementor-widget-container\">\n\t\t\t\t\t\t\t<div class=\"wd-text-block reset-last-child text-left\">\n\t\t\t\n\t\t\t<p>Roth\u00e4gliweg 13<br \/>4313 M\u00f6hlin<br \/>Schweiz<\/p><p>+41 76 202 55 04<br \/>info@soriax.com<\/p>\n\t\t\t\t\t<\/div>\n\t\t\t\t\t\t<\/div>\n\t\t\t\t<\/div>\n\t\t\t\t<\/div>\n\t\t\t\t<\/div>\n\t\t\t\t\t<\/div>\n\t\t\t\t<\/div>\n\t\t\t\t<\/div>\n\t\t","protected":false},"excerpt":{"rendered":"<p>Impressum von AMR Limo GmbH AMR Travel &amp; Limousine &amp; Bus Service 24h VIP Embassy \u2013 Business \u2013 Tourists \u2013<\/p>\n","protected":false},"author":1,"featured_media":0,"parent":0,"menu_order":0,"comment_status":"closed","ping_status":"closed","template":"","meta":{"footnotes":""},"class_list":["post-28258","page","type-page","status-publish","hentry"],"yoast_head":"<!-- This site is optimized with the Yoast SEO plugin v26.1.1 - https:\/\/yoast.com\/wordpress\/plugins\/seo\/ -->\n<title>Impressum - Hilton Airport Shuttle<\/title>\n<meta name=\"robots\" content=\"index, follow, max-snippet:-1, max-image-preview:large, max-video-preview:-1\" \/>\n<link rel=\"canonical\" href=\"https:\/\/shuttle1.amrlimo.ch\/de\/impressum\" \/>\n<meta property=\"og:locale\" content=\"de_DE\" \/>\n<meta property=\"og:type\" content=\"article\" \/>\n<meta property=\"og:title\" content=\"Impressum - Hilton Airport Shuttle\" \/>\n<meta property=\"og:description\" content=\"Impressum von AMR Limo GmbH AMR Travel &amp; Limousine &amp; Bus Service 24h VIP Embassy \u2013 Business \u2013 Tourists \u2013\" \/>\n<meta property=\"og:url\" content=\"https:\/\/shuttle1.amrlimo.ch\/de\/impressum\" \/>\n<meta property=\"og:site_name\" content=\"Hilton Airport Shuttle\" \/>\n<meta property=\"article:publisher\" content=\"https:\/\/www.facebook.com\/amrlimo.ch\/\" \/>\n<meta property=\"article:modified_time\" content=\"2025-05-17T01:38:01+00:00\" \/>\n<meta property=\"og:image\" content=\"https:\/\/www.soriax.com\/media\/soriax-logo-2024.png\" \/>\n<meta name=\"twitter:card\" content=\"summary_large_image\" \/>\n<meta name=\"twitter:label1\" content=\"Gesch\u00e4tzte Lesezeit\" \/>\n\t<meta name=\"twitter:data1\" content=\"2\u00a0Minuten\" \/>\n<script type=\"application\/ld+json\" class=\"yoast-schema-graph\">{\"@context\":\"https:\/\/schema.org\",\"@graph\":[{\"@type\":\"WebPage\",\"@id\":\"https:\/\/shuttle1.amrlimo.ch\/de\/impressum\",\"url\":\"https:\/\/shuttle1.amrlimo.ch\/de\/impressum\",\"name\":\"Impressum - Hilton Airport Shuttle\",\"isPartOf\":{\"@id\":\"https:\/\/shuttle1.amrlimo.ch\/de#website\"},\"primaryImageOfPage\":{\"@id\":\"https:\/\/shuttle1.amrlimo.ch\/de\/impressum#primaryimage\"},\"image\":{\"@id\":\"https:\/\/shuttle1.amrlimo.ch\/de\/impressum#primaryimage\"},\"thumbnailUrl\":\"https:\/\/www.soriax.com\/media\/soriax-logo-2024.png\",\"datePublished\":\"2024-11-26T04:07:43+00:00\",\"dateModified\":\"2025-05-17T01:38:01+00:00\",\"breadcrumb\":{\"@id\":\"https:\/\/shuttle1.amrlimo.ch\/de\/impressum#breadcrumb\"},\"inLanguage\":\"de\",\"potentialAction\":[{\"@type\":\"ReadAction\",\"target\":[\"https:\/\/shuttle1.amrlimo.ch\/de\/impressum\"]}]},{\"@type\":\"ImageObject\",\"inLanguage\":\"de\",\"@id\":\"https:\/\/shuttle1.amrlimo.ch\/de\/impressum#primaryimage\",\"url\":\"https:\/\/www.soriax.com\/media\/soriax-logo-2024.png\",\"contentUrl\":\"https:\/\/www.soriax.com\/media\/soriax-logo-2024.png\"},{\"@type\":\"BreadcrumbList\",\"@id\":\"https:\/\/shuttle1.amrlimo.ch\/de\/impressum#breadcrumb\",\"itemListElement\":[{\"@type\":\"ListItem\",\"position\":1,\"name\":\"Startseite\",\"item\":\"https:\/\/shuttle1.amrlimo.ch\/de\"},{\"@type\":\"ListItem\",\"position\":2,\"name\":\"Impressum\"}]},{\"@type\":\"WebSite\",\"@id\":\"https:\/\/shuttle1.amrlimo.ch\/de#website\",\"url\":\"https:\/\/shuttle1.amrlimo.ch\/de\",\"name\":\"AMR Limo GmbH\",\"description\":\"Shuttle Service operated by AMR\",\"publisher\":{\"@id\":\"https:\/\/shuttle1.amrlimo.ch\/de#organization\"},\"potentialAction\":[{\"@type\":\"SearchAction\",\"target\":{\"@type\":\"EntryPoint\",\"urlTemplate\":\"https:\/\/shuttle1.amrlimo.ch\/de?s={search_term_string}\"},\"query-input\":{\"@type\":\"PropertyValueSpecification\",\"valueRequired\":true,\"valueName\":\"search_term_string\"}}],\"inLanguage\":\"de\"},{\"@type\":\"Organization\",\"@id\":\"https:\/\/shuttle1.amrlimo.ch\/de#organization\",\"name\":\"AMR Limo GmbH\",\"url\":\"https:\/\/shuttle1.amrlimo.ch\/de\",\"logo\":{\"@type\":\"ImageObject\",\"inLanguage\":\"de\",\"@id\":\"https:\/\/shuttle1.amrlimo.ch\/de#\/schema\/logo\/image\/\",\"url\":\"https:\/\/shuttle1.amrlimo.ch\/wp-content\/uploads\/images-invoce.png\",\"contentUrl\":\"https:\/\/shuttle1.amrlimo.ch\/wp-content\/uploads\/images-invoce.png\",\"width\":313,\"height\":109,\"caption\":\"AMR Limo GmbH\"},\"image\":{\"@id\":\"https:\/\/shuttle1.amrlimo.ch\/de#\/schema\/logo\/image\/\"},\"sameAs\":[\"https:\/\/www.facebook.com\/amrlimo.ch\/\",\"https:\/\/www.linkedin.com\/in\/ghulam-malik-12062185\/\"]}]}<\/script>\n<!-- \/ Yoast SEO plugin. -->","yoast_head_json":{"title":"Impressum - Hilton Airport Shuttle","robots":{"index":"index","follow":"follow","max-snippet":"max-snippet:-1","max-image-preview":"max-image-preview:large","max-video-preview":"max-video-preview:-1"},"canonical":"https:\/\/shuttle1.amrlimo.ch\/de\/impressum","og_locale":"de_DE","og_type":"article","og_title":"Impressum - Hilton Airport Shuttle","og_description":"Impressum von AMR Limo GmbH AMR Travel &amp; Limousine &amp; Bus Service 24h VIP Embassy \u2013 Business \u2013 Tourists \u2013","og_url":"https:\/\/shuttle1.amrlimo.ch\/de\/impressum","og_site_name":"Hilton Airport Shuttle","article_publisher":"https:\/\/www.facebook.com\/amrlimo.ch\/","article_modified_time":"2025-05-17T01:38:01+00:00","og_image":[{"url":"https:\/\/www.soriax.com\/media\/soriax-logo-2024.png","type":"","width":"","height":""}],"twitter_card":"summary_large_image","twitter_misc":{"Gesch\u00e4tzte Lesezeit":"2\u00a0Minuten"},"schema":{"@context":"https:\/\/schema.org","@graph":[{"@type":"WebPage","@id":"https:\/\/shuttle1.amrlimo.ch\/de\/impressum","url":"https:\/\/shuttle1.amrlimo.ch\/de\/impressum","name":"Impressum - Hilton Airport Shuttle","isPartOf":{"@id":"https:\/\/shuttle1.amrlimo.ch\/de#website"},"primaryImageOfPage":{"@id":"https:\/\/shuttle1.amrlimo.ch\/de\/impressum#primaryimage"},"image":{"@id":"https:\/\/shuttle1.amrlimo.ch\/de\/impressum#primaryimage"},"thumbnailUrl":"https:\/\/www.soriax.com\/media\/soriax-logo-2024.png","datePublished":"2024-11-26T04:07:43+00:00","dateModified":"2025-05-17T01:38:01+00:00","breadcrumb":{"@id":"https:\/\/shuttle1.amrlimo.ch\/de\/impressum#breadcrumb"},"inLanguage":"de","potentialAction":[{"@type":"ReadAction","target":["https:\/\/shuttle1.amrlimo.ch\/de\/impressum"]}]},{"@type":"ImageObject","inLanguage":"de","@id":"https:\/\/shuttle1.amrlimo.ch\/de\/impressum#primaryimage","url":"https:\/\/www.soriax.com\/media\/soriax-logo-2024.png","contentUrl":"https:\/\/www.soriax.com\/media\/soriax-logo-2024.png"},{"@type":"BreadcrumbList","@id":"https:\/\/shuttle1.amrlimo.ch\/de\/impressum#breadcrumb","itemListElement":[{"@type":"ListItem","position":1,"name":"Startseite","item":"https:\/\/shuttle1.amrlimo.ch\/de"},{"@type":"ListItem","position":2,"name":"Impressum"}]},{"@type":"WebSite","@id":"https:\/\/shuttle1.amrlimo.ch\/de#website","url":"https:\/\/shuttle1.amrlimo.ch\/de","name":"AMR Limo GmbH","description":"Shuttle Service operated by AMR","publisher":{"@id":"https:\/\/shuttle1.amrlimo.ch\/de#organization"},"potentialAction":[{"@type":"SearchAction","target":{"@type":"EntryPoint","urlTemplate":"https:\/\/shuttle1.amrlimo.ch\/de?s={search_term_string}"},"query-input":{"@type":"PropertyValueSpecification","valueRequired":true,"valueName":"search_term_string"}}],"inLanguage":"de"},{"@type":"Organization","@id":"https:\/\/shuttle1.amrlimo.ch\/de#organization","name":"AMR Limo GmbH","url":"https:\/\/shuttle1.amrlimo.ch\/de","logo":{"@type":"ImageObject","inLanguage":"de","@id":"https:\/\/shuttle1.amrlimo.ch\/de#\/schema\/logo\/image\/","url":"https:\/\/shuttle1.amrlimo.ch\/wp-content\/uploads\/images-invoce.png","contentUrl":"https:\/\/shuttle1.amrlimo.ch\/wp-content\/uploads\/images-invoce.png","width":313,"height":109,"caption":"AMR Limo GmbH"},"image":{"@id":"https:\/\/shuttle1.amrlimo.ch\/de#\/schema\/logo\/image\/"},"sameAs":["https:\/\/www.facebook.com\/amrlimo.ch\/","https:\/\/www.linkedin.com\/in\/ghulam-malik-12062185\/"]}]}},"_links":{"self":[{"href":"https:\/\/shuttle1.amrlimo.ch\/de\/wp-json\/wp\/v2\/pages\/28258","targetHints":{"allow":["GET"]}}],"collection":[{"href":"https:\/\/shuttle1.amrlimo.ch\/de\/wp-json\/wp\/v2\/pages"}],"about":[{"href":"https:\/\/shuttle1.amrlimo.ch\/de\/wp-json\/wp\/v2\/types\/page"}],"author":[{"embeddable":true,"href":"https:\/\/shuttle1.amrlimo.ch\/de\/wp-json\/wp\/v2\/users\/1"}],"replies":[{"embeddable":true,"href":"https:\/\/shuttle1.amrlimo.ch\/de\/wp-json\/wp\/v2\/comments?post=28258"}],"version-history":[{"count":0,"href":"https:\/\/shuttle1.amrlimo.ch\/de\/wp-json\/wp\/v2\/pages\/28258\/revisions"}],"wp:attachment":[{"href":"https:\/\/shuttle1.amrlimo.ch\/de\/wp-json\/wp\/v2\/media?parent=28258"}],"curies":[{"name":"wp","href":"https:\/\/api.w.org\/{rel}","templated":true}]}}